{"id":72,"date":"2011-11-04T18:35:41","date_gmt":"2011-11-04T18:35:41","guid":{"rendered":"http:\/\/localhost\/virginia\/wp\/?page_id=72"},"modified":"2023-12-31T16:41:44","modified_gmt":"2023-12-31T16:41:44","slug":"noivas","status":"publish","type":"page","link":"https:\/\/virginiamanssan.com.br\/?page_id=72","title":{"rendered":"Noivas"},"content":{"rendered":"","protected":false},"excerpt":{"rendered":"<p>Conhe\u00e7a a hist\u00f3ria de algumas clientes que tiveram a experi\u00eancia de vestir Virg\u00ednia Manssan.<\/p>\n","protected":false},"author":1,"featured_media":0,"parent":0,"menu_order":0,"comment_status":"open","ping_status":"closed","template":"page-noivas.php","meta":{"footnotes":""},"_links":{"self":[{"href":"https:\/\/virginiamanssan.com.br\/index.php?rest_route=\/wp\/v2\/pages\/72"}],"collection":[{"href":"https:\/\/virginiamanssan.com.br\/index.php?rest_route=\/wp\/v2\/pages"}],"about":[{"href":"https:\/\/virginiamanssan.com.br\/index.php?rest_route=\/wp\/v2\/types\/page"}],"author":[{"embeddable":true,"href":"https:\/\/virginiamanssan.com.br\/index.php?rest_route=\/wp\/v2\/users\/1"}],"replies":[{"embeddable":true,"href":"https:\/\/virginiamanssan.com.br\/index.php?rest_route=%2Fwp%2Fv2%2Fcomments&post=72"}],"version-history":[{"count":27,"href":"https:\/\/virginiamanssan.com.br\/index.php?rest_route=\/wp\/v2\/pages\/72\/revisions"}],"predecessor-version":[{"id":1738,"href":"https:\/\/virginiamanssan.com.br\/index.php?rest_route=\/wp\/v2\/pages\/72\/revisions\/1738"}],"wp:attachment":[{"href":"https:\/\/virginiamanssan.com.br\/index.php?rest_route=%2Fwp%2Fv2%2Fmedia&parent=72"}],"curies":[{"name":"wp","href":"https:\/\/api.w.org\/{rel}","templated":true}]}}